{"id":8,"date":"2015-06-11T16:27:07","date_gmt":"2015-06-11T16:27:07","guid":{"rendered":"http:\/\/josecotrim.com.br\/?page_id=8"},"modified":"2015-06-12T16:25:22","modified_gmt":"2015-06-12T16:25:22","slug":"quem-sou-eu","status":"publish","type":"page","link":"https:\/\/www.josecotrim.com.br\/?page_id=8","title":{"rendered":"Quem sou eu"},"content":{"rendered":"<p>[vc_row full_width=&#8221;&#8221; parallax=&#8221;&#8221; parallax_image=&#8221;&#8221; row_fullwidth=&#8221;&#8221; row_vertical_center=&#8221;&#8221; row_fullheight=&#8221;&#8221; row_zero_column_space=&#8221;&#8221; bg_parallax=&#8221;off&#8221; bg_scroll=&#8221;&#8221; bg_slider=&#8221;off&#8221; bg_video=&#8221;off&#8221; bottom_button=&#8221;off&#8221; bottom_button_color=&#8221;#222222&#8243;][vc_column width=&#8221;1\/3&#8243;][vc_single_image image=&#8221;264&#8243; border_color=&#8221;grey&#8221; img_link_large=&#8221;&#8221; img_link_target=&#8221;_self&#8221; lightbox=&#8221;no&#8221; zoom_on_hover=&#8221;yes&#8221; img_animated=&#8221;no&#8221; img_infinite=&#8221;no&#8221; img_animation=&#8221;flash&#8221; img_size=&#8221;full&#8221;][\/vc_column][vc_column width=&#8221;1\/3&#8243;][vc_wp_text]<\/p>\n<p style=\"text-align: left;\"><span style=\"font-size: 12pt; font-family: helvetica, arial, sans-serif;\">Jos\u00e9 Marcondes Cotrim formado\u00a0Engenheiro\u00a0El\u00e9trico desde 1988, atuo na cidade de Ribeir\u00e3o Preto e toda regi\u00e3o, realizando os servi\u00e7os de: Projetos de Instala\u00e7\u00f5es El\u00e9tricas e Telefonia;\u00a0Aprova\u00e7\u00e3o de Projetos nas Concession\u00e1rias de Energia El\u00e9trica e Telefonia;\u00a0Execu\u00e7\u00e3o de Laudos e Medi\u00e7\u00e3o de Resist\u00eancia de Aterramento em P\u00e1ra-Raios e Malha Terra;<strong>\u00a0<\/strong>Laudos de Inspe\u00e7\u00e3o nas Instala\u00e7\u00f5es El\u00e9tricas para fins de\u00a0 Bombeiro.<\/span><\/p>\n<p>[\/vc_wp_text][\/vc_column][vc_column width=&#8221;1\/3&#8243;][\/vc_column][\/vc_row]<\/p>\n","protected":false},"excerpt":{"rendered":"<p>[vc_row full_width=&#8221;&#8221; parallax=&#8221;&#8221; parallax_image=&#8221;&#8221; row_fullwidth=&#8221;&#8221; row_vertical_center=&#8221;&#8221; row_fullheight=&#8221;&#8221; row_zero_column_space=&#8221;&#8221; bg_parallax=&#8221;off&#8221; bg_scroll=&#8221;&#8221; bg_slider=&#8221;off&#8221; bg_video=&#8221;off&#8221; bottom_button=&#8221;off&#8221; bottom_button_color=&#8221;#222222&#8243;][vc_column width=&#8221;1\/3&#8243;][vc_single_image image=&#8221;264&#8243; border_color=&#8221;grey&#8221; img_link_large=&#8221;&#8221; img_link_target=&#8221;_self&#8221; lightbox=&#8221;no&#8221; zoom_on_hover=&#8221;yes&#8221; img_animated=&#8221;no&#8221; img_infinite=&#8221;no&#8221; img_animation=&#8221;flash&#8221; img_size=&#8221;full&#8221;][\/vc_column][vc_column width=&#8221;1\/3&#8243;][vc_wp_text] Jos\u00e9 Marcondes Cotrim formado\u00a0Engenheiro\u00a0El\u00e9trico [&hellip;]<\/p>\n","protected":false},"author":1,"featured_media":0,"parent":0,"menu_order":0,"comment_status":"open","ping_status":"open","template":"","meta":{"footnotes":""},"class_list":["post-8","page","type-page","status-publish","hentry"],"_links":{"self":[{"href":"https:\/\/www.josecotrim.com.br\/index.php?rest_route=\/wp\/v2\/pages\/8","targetHints":{"allow":["GET"]}}],"collection":[{"href":"https:\/\/www.josecotrim.com.br\/index.php?rest_route=\/wp\/v2\/pages"}],"about":[{"href":"https:\/\/www.josecotrim.com.br\/index.php?rest_route=\/wp\/v2\/types\/page"}],"author":[{"embeddable":true,"href":"https:\/\/www.josecotrim.com.br\/index.php?rest_route=\/wp\/v2\/users\/1"}],"replies":[{"embeddable":true,"href":"https:\/\/www.josecotrim.com.br\/index.php?rest_route=%2Fwp%2Fv2%2Fcomments&post=8"}],"version-history":[{"count":15,"href":"https:\/\/www.josecotrim.com.br\/index.php?rest_route=\/wp\/v2\/pages\/8\/revisions"}],"predecessor-version":[{"id":270,"href":"https:\/\/www.josecotrim.com.br\/index.php?rest_route=\/wp\/v2\/pages\/8\/revisions\/270"}],"wp:attachment":[{"href":"https:\/\/www.josecotrim.com.br\/index.php?rest_route=%2Fwp%2Fv2%2Fmedia&parent=8"}],"curies":[{"name":"wp","href":"https:\/\/api.w.org\/{rel}","templated":true}]}}