{"id":48,"date":"2015-06-11T21:41:50","date_gmt":"2015-06-11T21:41:50","guid":{"rendered":"http:\/\/josecotrim.com.br\/?page_id=48"},"modified":"2024-12-13T14:59:28","modified_gmt":"2024-12-13T14:59:28","slug":"principal","status":"publish","type":"page","link":"https:\/\/www.josecotrim.com.br\/","title":{"rendered":"Inicial"},"content":{"rendered":"<p>[vc_row][vc_column][vc_raw_html]JTVCbWFzdGVyc2xpZGVyJTIwaWQlM0QlMjIxJTIyJTVE[\/vc_raw_html][\/vc_column][\/vc_row][vc_row bg_parallax=&#8221;off&#8221; bg_slider=&#8221;off&#8221; bg_video=&#8221;off&#8221; bottom_button=&#8221;off&#8221;][vc_column width=&#8221;1\/4&#8243;][vc_empty_space height=&#8221;20px&#8221;][\/vc_column][vc_column width=&#8221;1\/4&#8243;][\/vc_column][vc_column width=&#8221;1\/4&#8243;][\/vc_column][vc_column width=&#8221;1\/4&#8243;][\/vc_column][\/vc_row][vc_row bg_parallax=&#8221;off&#8221; bg_slider=&#8221;off&#8221; bg_video=&#8221;off&#8221; bottom_button=&#8221;off&#8221;][vc_column width=&#8221;1\/4&#8243;][vc_single_image image=&#8221;186&#8243; alignment=&#8221;center&#8221; lightbox=&#8221;no&#8221; zoom_on_hover=&#8221;no&#8221; img_animated=&#8221;no&#8221; img_infinite=&#8221;no&#8221; img_animation=&#8221;flash&#8221;][vc_column_text]<\/p>\n<p style=\"text-align: center;\"><strong>PROJETOS<\/strong><\/p>\n<p style=\"text-align: center;\">Desenvolvimento de\u00a0Projetos<br \/>\npara\u00a0Instala\u00e7\u00f5es\u00a0El\u00e9tricas<br \/>\ne Telefonia<\/p>\n<p>[\/vc_column_text][\/vc_column][vc_column width=&#8221;1\/4&#8243;][vc_single_image image=&#8221;185&#8243; alignment=&#8221;center&#8221; lightbox=&#8221;no&#8221; zoom_on_hover=&#8221;no&#8221; img_animated=&#8221;no&#8221; img_infinite=&#8221;no&#8221; img_animation=&#8221;flash&#8221;][vc_column_text]<\/p>\n<p style=\"text-align: center;\"><strong>APROVA\u00c7\u00c3O<\/strong><\/p>\n<p style=\"text-align: center;\">Aprova\u00e7\u00e3o de projetos nas<br \/>\nConcession\u00e1rias de Energia<br \/>\nEl\u00e9trica e Telefonia<\/p>\n<p>[\/vc_column_text][\/vc_column][vc_column width=&#8221;1\/4&#8243;][vc_single_image image=&#8221;184&#8243; alignment=&#8221;center&#8221; lightbox=&#8221;no&#8221; zoom_on_hover=&#8221;no&#8221; img_animated=&#8221;no&#8221; img_infinite=&#8221;no&#8221; img_animation=&#8221;flash&#8221;][vc_column_text]<\/p>\n<p style=\"text-align: center;\"><strong>LAUDOS<\/strong><\/p>\n<p style=\"text-align: center;\">Laudos e Medi\u00e7\u00e3o de<br \/>\nResist\u00eancia de Aterramento<br \/>\nem P\u00e1ra-Raios\u00a0e Malha Terra<\/p>\n<p>[\/vc_column_text][\/vc_column][vc_column width=&#8221;1\/4&#8243;][vc_single_image image=&#8221;250&#8243; alignment=&#8221;center&#8221; lightbox=&#8221;no&#8221; zoom_on_hover=&#8221;no&#8221; img_animated=&#8221;no&#8221; img_infinite=&#8221;no&#8221; img_animation=&#8221;flash&#8221;][vc_column_text]<\/p>\n<p style=\"text-align: center;\"><strong>INSPE\u00c7\u00c3O<\/strong><\/p>\n<p style=\"text-align: center;\">Laudos e Inspe\u00e7\u00e3o nas<br \/>\nInstala\u00e7\u00f5es El\u00e9tricas para<br \/>\nfins de Bombeiro<\/p>\n<p>[\/vc_column_text][\/vc_column][\/vc_row][vc_row bg_parallax=&#8221;off&#8221; bg_slider=&#8221;off&#8221; bg_video=&#8221;off&#8221; bottom_button=&#8221;off&#8221;][vc_column]<div class=\"header-line\" style=\"background-color:#dfdfdf\"><span style=\"height:1px;position:absolute;left:50%;margin-left:-50px;;background-color:#ffc000\"><\/span><\/div>[\/vc_column][\/vc_row][vc_row bg_parallax=&#8221;off&#8221; bg_slider=&#8221;off&#8221; bg_video=&#8221;off&#8221; bottom_button=&#8221;off&#8221;][vc_column width=&#8221;1\/3&#8243;][vc_wp_text]<strong>JOS\u00c9 MARCONDES COTRIM<br \/>\n<\/strong><strong>CREA 0601704299<br \/>\n<\/strong>Engenheiro Eletricista e<br \/>\nSeguran\u00e7a do Trabalho<br \/>\n<span style=\"color: #333333;\"><a style=\"color: #333333;\" href=\"mailto:jcotrim1@gmail.com\" target=\"_blank\" rel=\"noopener\">jcotrim1@gmail.com<\/a><\/span>[\/vc_wp_text][\/vc_column][vc_column width=&#8221;1\/3&#8243;][vc_wp_text][\/vc_wp_text][\/vc_column][vc_column width=&#8221;1\/3&#8243;][vc_wp_text]<strong>Endere\u00e7o Residencial.<\/strong><\/p>\n<p><strong>Edif\u00edcio THZ, 2965<\/strong><br \/>\nRua Thomaz Nogueira Gaia, 2965, Apto. 2202<br \/>\nCEP: 14021-653 &#8211; Ribeir\u00e3o Preto-SP<\/p>\n<p><strong>(16) 9 9992-2352 <\/strong>[\/vc_wp_text][\/vc_column][\/vc_row]<\/p>\n","protected":false},"excerpt":{"rendered":"<p>[vc_row][vc_column][vc_raw_html]JTVCbWFzdGVyc2xpZGVyJTIwaWQlM0QlMjIxJTIyJTVE[\/vc_raw_html][\/vc_column][\/vc_row][vc_row bg_parallax=&#8221;off&#8221; bg_slider=&#8221;off&#8221; bg_video=&#8221;off&#8221; bottom_button=&#8221;off&#8221;][vc_column width=&#8221;1\/4&#8243;][vc_empty_space height=&#8221;20px&#8221;][\/vc_column][vc_column width=&#8221;1\/4&#8243;][\/vc_column][vc_column width=&#8221;1\/4&#8243;][\/vc_column][vc_column width=&#8221;1\/4&#8243;][\/vc_column][\/vc_row][vc_row bg_parallax=&#8221;off&#8221; bg_slider=&#8221;off&#8221; bg_video=&#8221;off&#8221; bottom_button=&#8221;off&#8221;][vc_column width=&#8221;1\/4&#8243;][vc_single_image image=&#8221;186&#8243; alignment=&#8221;center&#8221; lightbox=&#8221;no&#8221; zoom_on_hover=&#8221;no&#8221; img_animated=&#8221;no&#8221; img_infinite=&#8221;no&#8221; img_animation=&#8221;flash&#8221;][vc_column_text] PROJETOS Desenvolvimento de\u00a0Projetos para\u00a0Instala\u00e7\u00f5es\u00a0El\u00e9tricas e Telefonia [\/vc_column_text][\/vc_column][vc_column width=&#8221;1\/4&#8243;][vc_single_image [&hellip;]<\/p>\n","protected":false},"author":1,"featured_media":0,"parent":0,"menu_order":0,"comment_status":"open","ping_status":"open","template":"","meta":{"footnotes":""},"class_list":["post-48","page","type-page","status-publish","hentry"],"_links":{"self":[{"href":"https:\/\/www.josecotrim.com.br\/index.php?rest_route=\/wp\/v2\/pages\/48","targetHints":{"allow":["GET"]}}],"collection":[{"href":"https:\/\/www.josecotrim.com.br\/index.php?rest_route=\/wp\/v2\/pages"}],"about":[{"href":"https:\/\/www.josecotrim.com.br\/index.php?rest_route=\/wp\/v2\/types\/page"}],"author":[{"embeddable":true,"href":"https:\/\/www.josecotrim.com.br\/index.php?rest_route=\/wp\/v2\/users\/1"}],"replies":[{"embeddable":true,"href":"https:\/\/www.josecotrim.com.br\/index.php?rest_route=%2Fwp%2Fv2%2Fcomments&post=48"}],"version-history":[{"count":56,"href":"https:\/\/www.josecotrim.com.br\/index.php?rest_route=\/wp\/v2\/pages\/48\/revisions"}],"predecessor-version":[{"id":310,"href":"https:\/\/www.josecotrim.com.br\/index.php?rest_route=\/wp\/v2\/pages\/48\/revisions\/310"}],"wp:attachment":[{"href":"https:\/\/www.josecotrim.com.br\/index.php?rest_route=%2Fwp%2Fv2%2Fmedia&parent=48"}],"curies":[{"name":"wp","href":"https:\/\/api.w.org\/{rel}","templated":true}]}}